{"id":355,"date":"2026-01-29T21:01:00","date_gmt":"2026-01-29T20:01:00","guid":{"rendered":"https:\/\/achikwasi.com\/?page_id=355"},"modified":"2026-02-03T18:05:56","modified_gmt":"2026-02-03T17:05:56","slug":"contacto","status":"publish","type":"page","link":"https:\/\/achikwasi.com\/?page_id=355","title":{"rendered":"CONTACTO"},"content":{"rendered":"\t\t<div data-elementor-type=\"wp-page\" data-elementor-id=\"355\" class=\"elementor elementor-355\">\n\t\t\t\t\t\t<section class=\"elementor-section elementor-top-section elementor-element elementor-element-a227c5f elementor-section-height-min-height cs-section-content-fullwidth cs-parallax-on-scroll cs_scroll_y_80 elementor-section-boxed elementor-section-height-default elementor-section-items-middle\" data-id=\"a227c5f\" data-element_type=\"section\" data-e-type=\"section\" data-settings=\"{&quot;background_background&quot;:&quot;classic&quot;}\" data-cs-parallax-y=\"80\" style=\"background-image: none;\" data-cs-background-image=\"https:\/\/achikwasi.com\/wp-content\/uploads\/2026\/01\/BANNER-SARAURKU-ACHIK-WASI.png\" data-cs-background-image-alt-text=\"\">\n\t\t\t\t\t\t\t<div class=\"elementor-background-overlay\"><\/div>\n\t\t\t\t\t\t\t<div class=\"elementor-container elementor-column-gap-no\">\n\t\t\t\t\t<div class=\"elementor-column elementor-col-100 elementor-top-column elementor-element elementor-element-20f257bb dark-color\" data-id=\"20f257bb\" data-element_type=\"column\" data-e-type=\"column\">\n\t\t\t<div class=\"elementor-widget-wrap elementor-element-populated\">\n\t\t\t\t\t\t<div class=\"elementor-element elementor-element-55d20af elementor-widget elementor-widget-cs_title\" data-id=\"55d20af\" data-element_type=\"widget\" data-e-type=\"widget\" data-widget_type=\"cs_title.default\">\n\t\t\t\t<div class=\"elementor-widget-container\">\n\t\t\t\t\t\n        <div class=\"cs-title-wrap text-center\">\t            <div class=\"cs-subtitle-wrap\"><span class=\"cs-subtitle color-white\">ESTAMOS CERCA DE TI<\/span><\/div>\t            <h1 class=\"cs-title\">\n\t                Cont\u00e1ctanos\t            <\/h1>\t            <div class=\"cs-title-text\">\n\t                <p>Para reservas y consultas, por favor ll\u00e1manos o escr\u00edbenos.<\/p>\t            <\/div>        <\/div>\t\t\t\t<\/div>\n\t\t\t\t<\/div>\n\t\t\t\t\t<\/div>\n\t\t<\/div>\n\t\t\t\t\t<\/div>\n\t\t<\/section>\n\t\t\t\t<section class=\"elementor-section elementor-top-section elementor-element elementor-element-2ffaa54a elementor-section-full_width elementor-section-content-middle elementor-section-height-default elementor-section-height-default\" data-id=\"2ffaa54a\" data-element_type=\"section\" data-e-type=\"section\">\n\t\t\t\t\t\t<div class=\"elementor-container elementor-column-gap-no\">\n\t\t\t\t\t<div class=\"elementor-column elementor-col-50 elementor-top-column elementor-element elementor-element-6b95c730\" data-id=\"6b95c730\" data-element_type=\"column\" data-e-type=\"column\">\n\t\t\t<div class=\"elementor-widget-wrap elementor-element-populated\">\n\t\t\t\t\t\t<div class=\"elementor-element elementor-element-8025aff elementor-widget elementor-widget-cs_title\" data-id=\"8025aff\" data-element_type=\"widget\" data-e-type=\"widget\" data-widget_type=\"cs_title.default\">\n\t\t\t\t<div class=\"elementor-widget-container\">\n\t\t\t\t\t\n        <div class=\"cs-title-wrap\">\t            <div class=\"cs-subtitle-wrap\"><span class=\"cs-subtitle\">INFORMACI\u00d3N DE CONTACTO<\/span><\/div>\t            <h5 class=\"cs-title\">\n\t                Hotel Achik Wasi\t            <\/h5>\t            <div class=\"cs-title-text\">\n\t                <p><span class=\"C9DxTc \">Barrio La Luz, en la calle Inti \u00d1an, sin n\u00famero (en Google Maps aparece como\u00a0<\/span><span class=\"C9DxTc \">calle Achik Wasi<\/span><span class=\"C9DxTc \">).<\/span><\/p><p><strong>Phone Number: +593 99 349 8518<\/strong><br \/><strong>Email:<\/strong> achikwasi@saraurku.com<\/p>\t            <\/div>        <\/div>\t\t\t\t<\/div>\n\t\t\t\t<\/div>\n\t\t\t\t<div class=\"elementor-element elementor-element-25b212bc elementor-widget-divider--view-line elementor-widget elementor-widget-divider\" data-id=\"25b212bc\" data-element_type=\"widget\" data-e-type=\"widget\" data-widget_type=\"divider.default\">\n\t\t\t\t\t\t\t<div class=\"elementor-divider\">\n\t\t\t<span class=\"elementor-divider-separator\">\n\t\t\t\t\t\t<\/span>\n\t\t<\/div>\n\t\t\t\t\t\t<\/div>\n\t\t\t\t\t<\/div>\n\t\t<\/div>\n\t\t\t\t<div class=\"elementor-column elementor-col-50 elementor-top-column elementor-element elementor-element-2a15167c\" data-id=\"2a15167c\" data-element_type=\"column\" data-e-type=\"column\" data-settings=\"{&quot;background_background&quot;:&quot;classic&quot;}\">\n\t\t\t<div class=\"elementor-widget-wrap elementor-element-populated\">\n\t\t\t\t\t\t<section class=\"elementor-section elementor-inner-section elementor-element elementor-element-7d5d0ea5 elementor-section-boxed elementor-section-height-default elementor-section-height-default\" data-id=\"7d5d0ea5\" data-element_type=\"section\" data-e-type=\"section\" data-settings=\"{&quot;background_background&quot;:&quot;classic&quot;}\">\n\t\t\t\t\t\t<div class=\"elementor-container elementor-column-gap-no\">\n\t\t\t\t\t<div class=\"elementor-column elementor-col-100 elementor-inner-column elementor-element elementor-element-49974c0c\" data-id=\"49974c0c\" data-element_type=\"column\" data-e-type=\"column\">\n\t\t\t<div class=\"elementor-widget-wrap elementor-element-populated\">\n\t\t\t\t\t\t<div class=\"elementor-element elementor-element-39a0be3a elementor-widget elementor-widget-cs_title\" data-id=\"39a0be3a\" data-element_type=\"widget\" data-e-type=\"widget\" data-widget_type=\"cs_title.default\">\n\t\t\t\t<div class=\"elementor-widget-container\">\n\t\t\t\t\t\n        <div class=\"cs-title-wrap text-center\">\t            <div class=\"cs-subtitle-wrap\"><span class=\"cs-subtitle\">Formulario de contacto<\/span><\/div>\t            <h5 class=\"cs-title\">\n\t                ENV\u00cdANOS TUS REQUERIMIENTOS\t            <\/h5>        <\/div>\t\t\t\t<\/div>\n\t\t\t\t<\/div>\n\t\t\t\t<div class=\"elementor-element elementor-element-2cffec12 elementor-widget elementor-widget-cs_form_cf7\" data-id=\"2cffec12\" data-element_type=\"widget\" data-e-type=\"widget\" data-widget_type=\"cs_form_cf7.default\">\n\t\t\t\t<div class=\"elementor-widget-container\">\n\t\t\t\t\t            <div class=\"cs-form-cf7 placeholder-normal\">\n                <div class=\"cs-form-cf7-wrap\">\n<div class=\"wpcf7 no-js\" id=\"wpcf7-f10-o1\" lang=\"es-ES\" dir=\"ltr\" data-wpcf7-id=\"10\">\n<div class=\"screen-reader-response\"><p role=\"status\" aria-live=\"polite\" aria-atomic=\"true\"><\/p> <ul><\/ul><\/div>\n<form action=\"\/index.php?rest_route=%2Fwp%2Fv2%2Fpages%2F355#wpcf7-f10-o1\" method=\"post\" class=\"wpcf7-form init\" aria-label=\"Formulario de contacto\" novalidate=\"novalidate\" data-status=\"init\">\n<fieldset class=\"hidden-fields-container\"><input type=\"hidden\" name=\"_wpcf7\" value=\"10\" \/><input type=\"hidden\" name=\"_wpcf7_version\" value=\"6.1.4\" \/><input type=\"hidden\" name=\"_wpcf7_locale\" value=\"es_ES\" \/><input type=\"hidden\" name=\"_wpcf7_unit_tag\" value=\"wpcf7-f10-o1\" \/><input type=\"hidden\" name=\"_wpcf7_container_post\" value=\"0\" \/><input type=\"hidden\" name=\"_wpcf7_posted_data_hash\" value=\"\" \/>\n<\/fieldset>\n<p><label> Tu nombre<br \/>\n<span class=\"wpcf7-form-control-wrap\" data-name=\"your-name\"><input size=\"40\" maxlength=\"400\" class=\"wpcf7-form-control wpcf7-text wpcf7-validates-as-required\" autocomplete=\"name\" aria-required=\"true\" aria-invalid=\"false\" value=\"\" type=\"text\" name=\"your-name\" \/><\/span> <\/label>\n<\/p>\n<p><label> Tu correo electr\u00f3nico<br \/>\n<span class=\"wpcf7-form-control-wrap\" data-name=\"your-email\"><input size=\"40\" maxlength=\"400\" class=\"wpcf7-form-control wpcf7-email wpcf7-validates-as-required wpcf7-text wpcf7-validates-as-email\" autocomplete=\"email\" aria-required=\"true\" aria-invalid=\"false\" value=\"\" type=\"email\" name=\"your-email\" \/><\/span> <\/label>\n<\/p>\n<p><label> Asunto<br \/>\n<span class=\"wpcf7-form-control-wrap\" data-name=\"your-subject\"><input size=\"40\" maxlength=\"400\" class=\"wpcf7-form-control wpcf7-text wpcf7-validates-as-required\" aria-required=\"true\" aria-invalid=\"false\" value=\"\" type=\"text\" name=\"your-subject\" \/><\/span> <\/label>\n<\/p>\n<p><label> Tu mensaje (opcional)<br \/>\n<span class=\"wpcf7-form-control-wrap\" data-name=\"your-message\"><textarea cols=\"40\" rows=\"10\" maxlength=\"2000\" class=\"wpcf7-form-control wpcf7-textarea\" aria-invalid=\"false\" name=\"your-message\"><\/textarea><\/span> <\/label>\n<\/p>\n<p><input class=\"wpcf7-form-control wpcf7-submit has-spinner\" type=\"submit\" value=\"Enviar\" \/>\n<\/p><div class=\"wpcf7-response-output\" aria-hidden=\"true\"><\/div>\n<\/form>\n<\/div>\n<\/div>\n            <\/div>\t\t\t\t<\/div>\n\t\t\t\t<\/div>\n\t\t\t\t\t<\/div>\n\t\t<\/div>\n\t\t\t\t\t<\/div>\n\t\t<\/section>\n\t\t\t\t\t<\/div>\n\t\t<\/div>\n\t\t\t\t\t<\/div>\n\t\t<\/section>\n\t\t\t\t<\/div>\n\t\t","protected":false},"excerpt":{"rendered":"<p>ESTAMOS CERCA DE TI Cont\u00e1ctanos Para reservas y consultas, por favor ll\u00e1manos o escr\u00edbenos. INFORMACI\u00d3N DE CONTACTO Hotel Achik Wasi Barrio La Luz, en la calle Inti \u00d1an, sin n\u00famero (en Google Maps aparece como\u00a0calle Achik Wasi). Phone Number: +593 99 349 8518Email: achikwasi@saraurku.com Formulario de contacto ENV\u00cdANOS TUS REQUERIMIENTOS Tu nombre Tu correo electr\u00f3nico &#8230;<\/p>\n","protected":false},"author":1,"featured_media":0,"parent":0,"menu_order":0,"comment_status":"closed","ping_status":"closed","template":"template-fullwidth.php","meta":{"cozystay_single_page_hide_site_header":"","cozystay_single_page_site_header_source":"","cozystay_single_page_custom_site_header":"0","cozystay_single_page_custom_sticky_site_header":"0","cozystay_single_page_hide_page_title":"","cozystay_single_page_header_section_size":"","cozystay_single_page_header_background_color":"","cozystay_single_page_header_background_position_x":"center","cozystay_single_page_header_background_position_y":"center","cozystay_single_page_header_background_size":"cover","cozystay_single_page_header_background_repeat":"off","cozystay_single_page_header_background_scroll":"on","cozystay_single_page_header_text_color":"","cozystay_single_page_header_show_breadcrumb":"","cozystay_single_page_site_footer_hide_main":"","cozystay_single_custom_site_footer_main_source":"","cozystay_single_custom_site_footer_main":"0","cozystay_single_page_site_footer_hide_above":"","cozystay_single_custom_site_footer_above_source":"","cozystay_single_custom_site_footer_above":"0","cozystay_single_page_site_footer_hide_instagram":"","cozystay_single_page_site_footer_hide_bottom":"","cozystay_single_custom_mobile_menu_source":"","cozystay_single_custom_mobile_menu":"0","cozystay_single_custom_mobile_menu_animation":"","cozystay_single_custom_mobile_menu_width":"","cozystay_single_custom_mobile_menu_custom_width":375,"footnotes":""},"class_list":["post-355","page","type-page","status-publish","hentry"],"yoast_head":"<!-- This site is optimized with the Yoast SEO plugin v27.4 - https:\/\/yoast.com\/product\/yoast-seo-wordpress\/ -->\n<title>CONTACTO - achikwasi.com<\/title>\n<meta name=\"robots\" content=\"index, follow, max-snippet:-1, max-image-preview:large, max-video-preview:-1\" \/>\n<link rel=\"canonical\" href=\"https:\/\/achikwasi.com\/?page_id=355\" \/>\n<meta property=\"og:locale\" content=\"es_ES\" \/>\n<meta property=\"og:type\" content=\"article\" \/>\n<meta property=\"og:title\" content=\"CONTACTO - achikwasi.com\" \/>\n<meta property=\"og:description\" content=\"ESTAMOS CERCA DE TI Cont\u00e1ctanos Para reservas y consultas, por favor ll\u00e1manos o escr\u00edbenos. INFORMACI\u00d3N DE CONTACTO Hotel Achik Wasi Barrio La Luz, en la calle Inti \u00d1an, sin n\u00famero (en Google Maps aparece como\u00a0calle Achik Wasi). Phone Number: +593 99 349 8518Email: achikwasi@saraurku.com Formulario de contacto ENV\u00cdANOS TUS REQUERIMIENTOS Tu nombre Tu correo electr\u00f3nico ...\" \/>\n<meta property=\"og:url\" content=\"https:\/\/achikwasi.com\/?page_id=355\" \/>\n<meta property=\"og:site_name\" content=\"achikwasi.com\" \/>\n<meta property=\"article:modified_time\" content=\"2026-02-03T17:05:56+00:00\" \/>\n<meta name=\"twitter:card\" content=\"summary_large_image\" \/>\n<meta name=\"twitter:label1\" content=\"Tiempo de lectura\" \/>\n\t<meta name=\"twitter:data1\" content=\"1 minuto\" \/>\n<script type=\"application\/ld+json\" class=\"yoast-schema-graph\">{\"@context\":\"https:\\\/\\\/schema.org\",\"@graph\":[{\"@type\":\"WebPage\",\"@id\":\"https:\\\/\\\/achikwasi.com\\\/?page_id=355\",\"url\":\"https:\\\/\\\/achikwasi.com\\\/?page_id=355\",\"name\":\"CONTACTO - achikwasi.com\",\"isPartOf\":{\"@id\":\"https:\\\/\\\/achikwasi.com\\\/#website\"},\"datePublished\":\"2026-01-29T20:01:00+00:00\",\"dateModified\":\"2026-02-03T17:05:56+00:00\",\"breadcrumb\":{\"@id\":\"https:\\\/\\\/achikwasi.com\\\/?page_id=355#breadcrumb\"},\"inLanguage\":\"es\",\"potentialAction\":[{\"@type\":\"ReadAction\",\"target\":[\"https:\\\/\\\/achikwasi.com\\\/?page_id=355\"]}]},{\"@type\":\"BreadcrumbList\",\"@id\":\"https:\\\/\\\/achikwasi.com\\\/?page_id=355#breadcrumb\",\"itemListElement\":[{\"@type\":\"ListItem\",\"position\":1,\"name\":\"Portada\",\"item\":\"https:\\\/\\\/achikwasi.com\\\/\"},{\"@type\":\"ListItem\",\"position\":2,\"name\":\"CONTACTO\"}]},{\"@type\":\"WebSite\",\"@id\":\"https:\\\/\\\/achikwasi.com\\\/#website\",\"url\":\"https:\\\/\\\/achikwasi.com\\\/\",\"name\":\"achikwasi.com\",\"description\":\"\",\"publisher\":{\"@id\":\"https:\\\/\\\/achikwasi.com\\\/#organization\"},\"potentialAction\":[{\"@type\":\"SearchAction\",\"target\":{\"@type\":\"EntryPoint\",\"urlTemplate\":\"https:\\\/\\\/achikwasi.com\\\/?s={search_term_string}\"},\"query-input\":{\"@type\":\"PropertyValueSpecification\",\"valueRequired\":true,\"valueName\":\"search_term_string\"}}],\"inLanguage\":\"es\"},{\"@type\":\"Organization\",\"@id\":\"https:\\\/\\\/achikwasi.com\\\/#organization\",\"name\":\"achikwasi.com\",\"url\":\"https:\\\/\\\/achikwasi.com\\\/\",\"logo\":{\"@type\":\"ImageObject\",\"inLanguage\":\"es\",\"@id\":\"https:\\\/\\\/achikwasi.com\\\/#\\\/schema\\\/logo\\\/image\\\/\",\"url\":\"https:\\\/\\\/achikwasi.com\\\/wp-content\\\/uploads\\\/2026\\\/02\\\/cropped-ACHIK-WASI-LOGO-.png\",\"contentUrl\":\"https:\\\/\\\/achikwasi.com\\\/wp-content\\\/uploads\\\/2026\\\/02\\\/cropped-ACHIK-WASI-LOGO-.png\",\"width\":219,\"height\":73,\"caption\":\"achikwasi.com\"},\"image\":{\"@id\":\"https:\\\/\\\/achikwasi.com\\\/#\\\/schema\\\/logo\\\/image\\\/\"}}]}<\/script>\n<!-- \/ Yoast SEO plugin. -->","yoast_head_json":{"title":"CONTACTO - achikwasi.com","robots":{"index":"index","follow":"follow","max-snippet":"max-snippet:-1","max-image-preview":"max-image-preview:large","max-video-preview":"max-video-preview:-1"},"canonical":"https:\/\/achikwasi.com\/?page_id=355","og_locale":"es_ES","og_type":"article","og_title":"CONTACTO - achikwasi.com","og_description":"ESTAMOS CERCA DE TI Cont\u00e1ctanos Para reservas y consultas, por favor ll\u00e1manos o escr\u00edbenos. INFORMACI\u00d3N DE CONTACTO Hotel Achik Wasi Barrio La Luz, en la calle Inti \u00d1an, sin n\u00famero (en Google Maps aparece como\u00a0calle Achik Wasi). Phone Number: +593 99 349 8518Email: achikwasi@saraurku.com Formulario de contacto ENV\u00cdANOS TUS REQUERIMIENTOS Tu nombre Tu correo electr\u00f3nico ...","og_url":"https:\/\/achikwasi.com\/?page_id=355","og_site_name":"achikwasi.com","article_modified_time":"2026-02-03T17:05:56+00:00","twitter_card":"summary_large_image","twitter_misc":{"Tiempo de lectura":"1 minuto"},"schema":{"@context":"https:\/\/schema.org","@graph":[{"@type":"WebPage","@id":"https:\/\/achikwasi.com\/?page_id=355","url":"https:\/\/achikwasi.com\/?page_id=355","name":"CONTACTO - achikwasi.com","isPartOf":{"@id":"https:\/\/achikwasi.com\/#website"},"datePublished":"2026-01-29T20:01:00+00:00","dateModified":"2026-02-03T17:05:56+00:00","breadcrumb":{"@id":"https:\/\/achikwasi.com\/?page_id=355#breadcrumb"},"inLanguage":"es","potentialAction":[{"@type":"ReadAction","target":["https:\/\/achikwasi.com\/?page_id=355"]}]},{"@type":"BreadcrumbList","@id":"https:\/\/achikwasi.com\/?page_id=355#breadcrumb","itemListElement":[{"@type":"ListItem","position":1,"name":"Portada","item":"https:\/\/achikwasi.com\/"},{"@type":"ListItem","position":2,"name":"CONTACTO"}]},{"@type":"WebSite","@id":"https:\/\/achikwasi.com\/#website","url":"https:\/\/achikwasi.com\/","name":"achikwasi.com","description":"","publisher":{"@id":"https:\/\/achikwasi.com\/#organization"},"potentialAction":[{"@type":"SearchAction","target":{"@type":"EntryPoint","urlTemplate":"https:\/\/achikwasi.com\/?s={search_term_string}"},"query-input":{"@type":"PropertyValueSpecification","valueRequired":true,"valueName":"search_term_string"}}],"inLanguage":"es"},{"@type":"Organization","@id":"https:\/\/achikwasi.com\/#organization","name":"achikwasi.com","url":"https:\/\/achikwasi.com\/","logo":{"@type":"ImageObject","inLanguage":"es","@id":"https:\/\/achikwasi.com\/#\/schema\/logo\/image\/","url":"https:\/\/achikwasi.com\/wp-content\/uploads\/2026\/02\/cropped-ACHIK-WASI-LOGO-.png","contentUrl":"https:\/\/achikwasi.com\/wp-content\/uploads\/2026\/02\/cropped-ACHIK-WASI-LOGO-.png","width":219,"height":73,"caption":"achikwasi.com"},"image":{"@id":"https:\/\/achikwasi.com\/#\/schema\/logo\/image\/"}}]}},"_links":{"self":[{"href":"https:\/\/achikwasi.com\/index.php?rest_route=\/wp\/v2\/pages\/355","targetHints":{"allow":["GET"]}}],"collection":[{"href":"https:\/\/achikwasi.com\/index.php?rest_route=\/wp\/v2\/pages"}],"about":[{"href":"https:\/\/achikwasi.com\/index.php?rest_route=\/wp\/v2\/types\/page"}],"author":[{"embeddable":true,"href":"https:\/\/achikwasi.com\/index.php?rest_route=\/wp\/v2\/users\/1"}],"replies":[{"embeddable":true,"href":"https:\/\/achikwasi.com\/index.php?rest_route=%2Fwp%2Fv2%2Fcomments&post=355"}],"version-history":[{"count":14,"href":"https:\/\/achikwasi.com\/index.php?rest_route=\/wp\/v2\/pages\/355\/revisions"}],"predecessor-version":[{"id":443,"href":"https:\/\/achikwasi.com\/index.php?rest_route=\/wp\/v2\/pages\/355\/revisions\/443"}],"wp:attachment":[{"href":"https:\/\/achikwasi.com\/index.php?rest_route=%2Fwp%2Fv2%2Fmedia&parent=355"}],"curies":[{"name":"wp","href":"https:\/\/api.w.org\/{rel}","templated":true}]}}